{"id":245,"date":"2026-04-06T04:12:57","date_gmt":"2026-04-06T02:12:57","guid":{"rendered":"https:\/\/wapalapam.de\/?page_id=245"},"modified":"2026-04-06T04:17:28","modified_gmt":"2026-04-06T02:17:28","slug":"widerrufsbelehrung","status":"publish","type":"page","link":"https:\/\/www.wapalapam.de\/en\/widerrufsbelehrung\/","title":{"rendered":"Cancellation Policy"},"content":{"rendered":"<div class=\"wpb-content-wrapper\"><div class=\"vc_row wpb_row vc_row-fluid page-id-245 wap-wid-shell\"><div class=\"wpb_column vc_column_container vc_col-sm-12\"><div class=\"vc_column-inner\"><div class=\"wpb_wrapper\">\n\t<div class=\"wpb_text_column wpb_content_element\" >\n\t\t<div class=\"wpb_wrapper\">\n\t\t\t<div class=\"wap-wid-page\">\n<section class=\"wap-wid-hero\">\n<div class=\"wap-wid-hero__copy\">\n    <span class=\"wap-wid-kicker\">Strandritter GmbH \u00b7 Wapalapam<\/span><\/p>\n<h1>Cancellation Policy<\/h1>\n<p>Hier finden Sie die Hinweise zum gesetzlichen Widerrufsrecht f\u00fcr Warenbestellungen sowie erg\u00e4nzende Informationen zu digitalen Gutscheinen im Online-Shop.<\/p>\n<\/div>\n<\/section>\n<section class=\"wap-wid-grid\">\n<div class=\"wap-wid-main\">\n<div class=\"wap-wid-card\" id=\"wid-waren\">\n      <span class=\"wap-wid-card__kicker\">Teil 1<\/span><\/p>\n<h2>Widerrufsrecht bei Waren<\/h2>\n<p>Verbraucher haben bei Fernabsatzvertr\u00e4gen grunds\u00e4tzlich ein vierzehnt\u00e4giges Widerrufsrecht.<\/p>\n<p>Sie haben das Recht, binnen vierzehn Tagen ohne Angabe von Gr\u00fcnden diesen Vertrag zu widerrufen. Die Widerrufsfrist betr\u00e4gt vierzehn Tage ab dem Tag, an dem Sie oder ein von Ihnen benannter Dritter, der nicht der Bef\u00f6rderer ist, die Ware bzw. bei Teillieferungen die letzte Ware in Besitz genommen haben bzw. hat.<\/p>\n<p>Um Ihr Widerrufsrecht auszu\u00fcben, m\u00fcssen Sie uns, <strong>Strandritter GmbH, Rittergut Falkenhardt 1, 49356 Diepholz, Deutschland<\/strong>, E-Mail: <a href=\"mailto:info@strandritter.de\">info@strandritter.de<\/a>, Telefon: <a href=\"tel:+4954419756546\">+49 5441 9756546<\/a>, mittels einer eindeutigen Erkl\u00e4rung, zum Beispiel per Post oder E-Mail, \u00fcber Ihren Entschluss informieren. Sie k\u00f6nnen daf\u00fcr das unten stehende Muster-Widerrufsformular verwenden, das jedoch nicht vorgeschrieben ist.<\/p>\n<p>Zur Wahrung der Widerrufsfrist reicht es aus, dass Sie die Mitteilung \u00fcber die Aus\u00fcbung des Widerrufsrechts vor Ablauf der Frist absenden.<\/p>\n<\/div>\n<div class=\"wap-wid-card\">\n      <span class=\"wap-wid-card__kicker\">Teil 2<\/span><\/p>\n<h2>Folgen des Widerrufs bei Waren<\/h2>\n<p>Wenn Sie diesen Vertrag widerrufen, haben wir Ihnen alle Zahlungen, die wir von Ihnen erhalten haben, einschlie\u00dflich der Lieferkosten mit Ausnahme zus\u00e4tzlicher Kosten, die sich daraus ergeben, dass Sie eine andere Art der Lieferung als die von uns angebotene, g\u00fcnstigste Standardlieferung gew\u00e4hlt haben, unverz\u00fcglich und sp\u00e4testens binnen vierzehn Tagen ab Eingang Ihres Widerrufs zur\u00fcckzuzahlen.<\/p>\n<p>F\u00fcr die R\u00fcckzahlung verwenden wir dasselbe Zahlungsmittel, das Sie bei der urspr\u00fcnglichen Transaktion eingesetzt haben, sofern nicht ausdr\u00fccklich etwas anderes vereinbart wurde. In keinem Fall werden Ihnen wegen dieser R\u00fcckzahlung Entgelte berechnet.<\/p>\n<p>Wir k\u00f6nnen die R\u00fcckzahlung verweigern, bis wir die Waren wieder zur\u00fcckerhalten haben oder bis Sie den Nachweis erbracht haben, dass Sie die Waren abgesandt haben, je nachdem, welcher Zeitpunkt fr\u00fcher liegt.<\/p>\n<p>Sie haben die Waren unverz\u00fcglich und in jedem Fall sp\u00e4testens binnen vierzehn Tagen ab dem Tag, an dem Sie uns \u00fcber den Widerruf unterrichten, an uns zur\u00fcckzusenden oder zu \u00fcbergeben. Die Frist ist gewahrt, wenn Sie die Waren vor Ablauf dieser vierzehn Tage absenden.<\/p>\n<p>Unbeschadet Ihrer gesetzlichen Rechte stellen wir Ihnen f\u00fcr R\u00fccksendungen innerhalb Deutschlands kostenlose R\u00fccksendeetiketten zur Verf\u00fcgung. Das Etikett \u00fcbermitteln wir Ihnen per E-Mail. Die R\u00fccksendung kann in einem Paketshop des jeweiligen Anbieters in Deutschland abgegeben werden.<\/p>\n<p>Sie m\u00fcssen f\u00fcr einen etwaigen Wertverlust der Waren nur aufkommen, wenn dieser Wertverlust auf einen Umgang zur\u00fcckzuf\u00fchren ist, der zur Pr\u00fcfung von Beschaffenheit, Eigenschaften und Funktionsweise der Waren nicht notwendig war.<\/p>\n<\/div>\n<div class=\"wap-wid-card\" id=\"wid-digital\">\n      <span class=\"wap-wid-card__kicker\">Teil 3<\/span><\/p>\n<h2>Besondere Hinweise zu digitalen Gutscheinen<\/h2>\n<p>Im Shop bieten wir auch digitale Gutscheine an. Diese werden nicht postalisch versendet, sondern unmittelbar nach dem Kauf als Download und zus\u00e4tzlich per E-Mail bereitgestellt.<\/p>\n<p>Bei Vertr\u00e4gen \u00fcber die Bereitstellung von nicht auf einem k\u00f6rperlichen Datentr\u00e4ger befindlichen digitalen Inhalten beginnt die Widerrufsfrist grunds\u00e4tzlich mit Vertragsschluss.<\/p>\n<p>Das Widerrufsrecht kann bei digitalen Gutscheinen vorzeitig erl\u00f6schen, wenn wir mit der Vertragserf\u00fcllung begonnen haben, Sie im Bestellprozess ausdr\u00fccklich zugestimmt haben, dass die Ausf\u00fchrung vor Ablauf der Widerrufsfrist beginnt, Sie Ihre Kenntnis vom Verlust des Widerrufsrechts best\u00e4tigt haben und wir Ihnen eine Vertragsbest\u00e4tigung auf einem dauerhaften Datentr\u00e4ger zur Verf\u00fcgung gestellt haben.<\/p>\n<p>Ob das Widerrufsrecht im Einzelfall vorzeitig erlischt, h\u00e4ngt daher von den im Bestellprozess abgegebenen Erkl\u00e4rungen und dem Zeitpunkt der Bereitstellung des digitalen Gutscheins ab.<\/p>\n<\/div>\n<div class=\"wap-wid-card\">\n      <span class=\"wap-wid-card__kicker\">Teil 4<\/span><\/p>\n<h2>Ausschluss des Widerrufsrechts<\/h2>\n<p>Das Widerrufsrecht besteht, soweit gesetzlich nichts anderes bestimmt ist, insbesondere nicht bei Vertr\u00e4gen zur Lieferung von Waren, die nicht vorgefertigt sind und f\u00fcr deren Herstellung eine individuelle Auswahl oder Bestimmung durch den Verbraucher ma\u00dfgeblich ist oder die eindeutig auf die pers\u00f6nlichen Bed\u00fcrfnisse des Verbrauchers zugeschnitten sind.<\/p>\n<\/div>\n<div class=\"wap-wid-card\" id=\"wid-formular\">\n      <span class=\"wap-wid-card__kicker\">Teil 5<\/span><\/p>\n<h2>Muster-Widerrufsformular<\/h2>\n<div class=\"wap-wid-form\">\n<p><em>Wenn Sie den Vertrag widerrufen wollen, dann f\u00fcllen Sie bitte dieses Formular aus und senden Sie es zur\u00fcck.<\/em><\/p>\n<p>\u2013 An Strandritter GmbH, Rittergut Falkenhardt 1, 49356 Diepholz, Deutschland, <a href=\"mailto:info@strandritter.de\">info@strandritter.de<\/a><\/p>\n<p>\u2013 Hiermit widerrufe(n) ich\/wir (*) den von mir\/uns (*) abgeschlossenen Vertrag \u00fcber den Kauf der folgenden Waren (*)\/die Erbringung der folgenden Dienstleistung (*)<\/p>\n<p>\u2013 Bestellt am (*)\/erhalten am (*)<\/p>\n<p>\u2013 Name des\/der Verbraucher(s)<\/p>\n<p>\u2013 Anschrift des\/der Verbraucher(s)<\/p>\n<p>\u2013 Unterschrift des\/der Verbraucher(s) (nur bei Mitteilung auf Papier)<\/p>\n<p>\u2013 Datum<\/p>\n<p><em>(*) Unzutreffendes streichen.<\/em><\/p>\n<\/div>\n<\/div>\n<\/div>\n<aside class=\"wap-wid-side\">\n<div class=\"wap-wid-side__item\">\n      <span>Kontakt<\/span><br \/>\n      <strong><a href=\"mailto:info@strandritter.de\">info@strandritter.de<\/a><\/strong>\n    <\/div>\n<div class=\"wap-wid-side__item\">\n      <span>Frist<\/span><br \/>\n      <strong>14 Tage ab Erhalt der Ware bzw. bei digitalen Inhalten ab Vertragsschluss<\/strong>\n    <\/div>\n<div class=\"wap-wid-side__item\">\n      <span>Digitale Gutscheine<\/span><br \/>\n      <strong>Sofort als Download und zus\u00e4tzlich per E-Mail<\/strong>\n    <\/div>\n<div class=\"wap-wid-side__item\">\n      <span>R\u00fccksendung<\/span><br \/>\n      <strong>Kostenlose R\u00fccksendeetiketten f\u00fcr R\u00fccksendungen innerhalb Deutschlands<\/strong>\n    <\/div>\n<\/aside>\n<\/section>\n<\/div>\n\n\t\t<\/div>\n\t<\/div>\n<\/div><\/div><\/div><\/div>\n<\/div>","protected":false},"excerpt":{"rendered":"Strandritter GmbH \u00b7 Wapalapam Widerrufsbelehrung Hier finden Sie die Hinweise zum gesetzlichen Widerrufsrecht f\u00fcr Warenbestellungen sowie erg\u00e4nzende Informationen zu digitalen [...]","protected":false},"author":1,"featured_media":0,"parent":0,"menu_order":0,"comment_status":"closed","ping_status":"closed","template":"","meta":{"site-sidebar-layout":"no-sidebar","site-content-layout":"plain-container","ast-site-content-layout":"default","site-content-style":"default","site-sidebar-style":"default","ast-global-header-display":"","ast-banner-title-visibility":"","ast-main-header-display":"","ast-hfb-above-header-display":"","ast-hfb-below-header-display":"","ast-hfb-mobile-header-display":"","site-post-title":"disabled","ast-breadcrumbs-content":"","ast-featured-img":"disabled","footer-sml-layout":"","ast-disable-related-posts":"","theme-transparent-header-meta":"enabled","adv-header-id-meta":"","stick-header-meta":"","header-above-stick-meta":"","header-main-stick-meta":"","header-below-stick-meta":"","astra-migrate-meta-layouts":"set","ast-page-background-enabled":"default","ast-page-background-meta":{"desktop":{"background-color":"var(--ast-global-color-5)","background-image":"","background-repeat":"repeat","background-position":"center center","background-size":"auto","background-attachment":"scroll","background-type":"","background-media":"","overlay-type":"","overlay-color":"","overlay-opacity":"","overlay-gradient":""},"tablet":{"background-color":"","background-image":"","background-repeat":"repeat","background-position":"center center","background-size":"auto","background-attachment":"scroll","background-type":"","background-media":"","overlay-type":"","overlay-color":"","overlay-opacity":"","overlay-gradient":""},"mobile":{"background-color":"","background-image":"","background-repeat":"repeat","background-position":"center center","background-size":"auto","background-attachment":"scroll","background-type":"","background-media":"","overlay-type":"","overlay-color":"","overlay-opacity":"","overlay-gradient":""}},"ast-content-background-meta":{"desktop":{"background-color":"var(--ast-global-color-4)","background-image":"","background-repeat":"repeat","background-position":"center center","background-size":"auto","background-attachment":"scroll","background-type":"","background-media":"","overlay-type":"","overlay-color":"","overlay-opacity":"","overlay-gradient":""},"tablet":{"background-color":"var(--ast-global-color-4)","background-image":"","background-repeat":"repeat","background-position":"center center","background-size":"auto","background-attachment":"scroll","background-type":"","background-media":"","overlay-type":"","overlay-color":"","overlay-opacity":"","overlay-gradient":""},"mobile":{"background-color":"var(--ast-global-color-4)","background-image":"","background-repeat":"repeat","background-position":"center center","background-size":"auto","background-attachment":"scroll","background-type":"","background-media":"","overlay-type":"","overlay-color":"","overlay-opacity":"","overlay-gradient":""}},"footnotes":""},"class_list":["post-245","page","type-page","status-publish","hentry"],"_links":{"self":[{"href":"https:\/\/www.wapalapam.de\/en\/wp-json\/wp\/v2\/pages\/245","targetHints":{"allow":["GET"]}}],"collection":[{"href":"https:\/\/www.wapalapam.de\/en\/wp-json\/wp\/v2\/pages"}],"about":[{"href":"https:\/\/www.wapalapam.de\/en\/wp-json\/wp\/v2\/types\/page"}],"author":[{"embeddable":true,"href":"https:\/\/www.wapalapam.de\/en\/wp-json\/wp\/v2\/users\/1"}],"replies":[{"embeddable":true,"href":"https:\/\/www.wapalapam.de\/en\/wp-json\/wp\/v2\/comments?post=245"}],"version-history":[{"count":0,"href":"https:\/\/www.wapalapam.de\/en\/wp-json\/wp\/v2\/pages\/245\/revisions"}],"wp:attachment":[{"href":"https:\/\/www.wapalapam.de\/en\/wp-json\/wp\/v2\/media?parent=245"}],"curies":[{"name":"wp","href":"https:\/\/api.w.org\/{rel}","templated":true}]}}