{"id":25,"date":"2026-04-18T12:50:46","date_gmt":"2026-04-18T10:50:46","guid":{"rendered":"https:\/\/wapalapam.de\/?page_id=25"},"modified":"2026-04-28T16:31:29","modified_gmt":"2026-04-28T14:31:29","slug":"start","status":"publish","type":"page","link":"https:\/\/www.wapalapam.de\/en\/","title":{"rendered":"HOME"},"content":{"rendered":"<div class=\"wpb-content-wrapper\"><div class=\"vc_row wpb_row vc_row-fluid page-id-25 wp2-homepage-row\"><div class=\"wpb_column vc_column_container vc_col-sm-12\"><div class=\"vc_column-inner\"><div class=\"wpb_wrapper\">\n\t<div class=\"wpb_text_column wpb_content_element\" >\n\t\t<div class=\"wpb_wrapper\">\n\t\t\t<div class=\"wp2-homepage\">\n<section class=\"wp2-hero\">\n<div class=\"wp2-hero-copy wp2-hero-copy-video\">\n<div class=\"wp2-hero-video-wrap\"><video class=\"wp2-hero-video\" preload=\"metadata\" autoplay=\"autoplay\" loop=\"loop\" muted=\"\" width=\"300\" height=\"150\"><source src=\"\/wp-content\/uploads\/2026\/04\/20251205_141800-web.mp4\" type=\"video\/mp4\" \/><\/video><\/div>\n<div class=\"wp2-hero-copy-inner\">\n<div class=\"wp2-kicker\">Wapalapam \u00b7 Mauritius \u00b7 Dinner \u00b7 Drinks \u00b7 Restaurant<\/div>\n<h1>Your piece of Mauritius at Lake D\u00fcmmer.<\/h1>\n<p>Bold aromas, fine rum, relaxed vibes and a place where food, drinks and togetherness come together.<\/p>\n<div class=\"wp2-hero-actions\"><a class=\"wp2-button wp2-button-primary\" href=\"\/en\/reservieren\/\">Reserve now \u2192<\/a><a class=\"wp2-button wp2-button-ghost\" href=\"\/en\/speisekarte\/\">Menu \u2192<\/a><a class=\"wp2-button wp2-button-ghost\" href=\"\/en\/oeffnungszeiten\/\">Business Hours \u2192<\/a><\/div>\n<\/div>\n<\/div>\n<div class=\"wp2-hero-visual\">\n<div class=\"wp2-image-slot wp2-image-slot-hero wp2-image-slot-filled\"><img decoding=\"async\" src=\"\/wp-content\/uploads\/2026\/04\/Wapalapam-social.png\" alt=\"Wapalapam Social\" \/><\/div>\n<\/div>\n<\/section>\n<section class=\"wp2-story-strip\">\n<article class=\"wp2-story-card\">\n<div class=\"wp2-card-eyebrow\">Cheers to Island Life<\/div>\n<h3>Drinks like a short trip to Mauritius<\/h3>\n<p>Fresh fruit, herbs, rum and that light feeling of island rhythm.<\/p>\n<\/article>\n<article class=\"wp2-story-card\">\n<div class=\"wp2-card-eyebrow\">Tropical cuisine<\/div>\n<h3>The heart of Mauritius.<\/h3>\n<p>Bold aromas, exotic spices and traditional cooking techniques.<\/p>\n<\/article>\n<article class=\"wp2-story-card\">\n<div class=\"wp2-card-eyebrow\">More Than Dinner<\/div>\n<h3>A place to arrive and stay.<\/h3>\n<p>The focus is on atmosphere, togetherness and the spirit of island life.<\/p>\n<\/article>\n<\/section>\n<section class=\"wp2-gallery-inline\">\n<div class=\"wp2-image-slot wp2-image-slot-filled wp2-image-slot-gallery-2\"><img decoding=\"async\" src=\"\/wp-content\/uploads\/2026\/04\/wap-essen-9.jpg\" alt=\"Wapalapam Essen\" \/><\/div>\n<div class=\"wp2-image-slot wp2-image-slot-filled wp2-image-slot-gallery-3\"><img decoding=\"async\" src=\"\/wp-content\/uploads\/2026\/04\/wap-essen-5-rotated.jpg\" alt=\"Wapalapam Food Detail\" \/><\/div>\n<\/section>\n<\/div>\n\n\t\t<\/div>\n\t<\/div>\n<\/div><\/div><\/div><\/div>\n<\/div>","protected":false},"excerpt":{"rendered":"Wapalapam \u00b7 Mauritius \u00b7 Dinner \u00b7 Drinks \u00b7 Restaurant Dein St\u00fcck Mauritius am D\u00fcmmer See. Kr\u00e4ftige Aromen, feiner Rum, entspannte [...]","protected":false},"author":1,"featured_media":0,"parent":0,"menu_order":0,"comment_status":"closed","ping_status":"closed","template":"","meta":{"site-sidebar-layout":"no-sidebar","site-content-layout":"plain-container","ast-site-content-layout":"default","site-content-style":"default","site-sidebar-style":"default","ast-global-header-display":"","ast-banner-title-visibility":"","ast-main-header-display":"","ast-hfb-above-header-display":"","ast-hfb-below-header-display":"","ast-hfb-mobile-header-display":"","site-post-title":"disabled","ast-breadcrumbs-content":"","ast-featured-img":"disabled","footer-sml-layout":"","ast-disable-related-posts":"","theme-transparent-header-meta":"enabled","adv-header-id-meta":"","stick-header-meta":"","header-above-stick-meta":"","header-main-stick-meta":"","header-below-stick-meta":"","astra-migrate-meta-layouts":"set","ast-page-background-enabled":"default","ast-page-background-meta":{"desktop":{"background-color":"var(--ast-global-color-5)","background-image":"","background-repeat":"repeat","background-position":"center center","background-size":"auto","background-attachment":"scroll","background-type":"","background-media":"","overlay-type":"","overlay-color":"","overlay-opacity":"","overlay-gradient":""},"tablet":{"background-color":"","background-image":"","background-repeat":"repeat","background-position":"center center","background-size":"auto","background-attachment":"scroll","background-type":"","background-media":"","overlay-type":"","overlay-color":"","overlay-opacity":"","overlay-gradient":""},"mobile":{"background-color":"","background-image":"","background-repeat":"repeat","background-position":"center center","background-size":"auto","background-attachment":"scroll","background-type":"","background-media":"","overlay-type":"","overlay-color":"","overlay-opacity":"","overlay-gradient":""}},"ast-content-background-meta":{"desktop":{"background-color":"var(--ast-global-color-4)","background-image":"","background-repeat":"repeat","background-position":"center center","background-size":"auto","background-attachment":"scroll","background-type":"","background-media":"","overlay-type":"","overlay-color":"","overlay-opacity":"","overlay-gradient":""},"tablet":{"background-color":"var(--ast-global-color-4)","background-image":"","background-repeat":"repeat","background-position":"center center","background-size":"auto","background-attachment":"scroll","background-type":"","background-media":"","overlay-type":"","overlay-color":"","overlay-opacity":"","overlay-gradient":""},"mobile":{"background-color":"var(--ast-global-color-4)","background-image":"","background-repeat":"repeat","background-position":"center center","background-size":"auto","background-attachment":"scroll","background-type":"","background-media":"","overlay-type":"","overlay-color":"","overlay-opacity":"","overlay-gradient":""}},"footnotes":""},"class_list":["post-25","page","type-page","status-publish","hentry"],"_links":{"self":[{"href":"https:\/\/www.wapalapam.de\/en\/wp-json\/wp\/v2\/pages\/25","targetHints":{"allow":["GET"]}}],"collection":[{"href":"https:\/\/www.wapalapam.de\/en\/wp-json\/wp\/v2\/pages"}],"about":[{"href":"https:\/\/www.wapalapam.de\/en\/wp-json\/wp\/v2\/types\/page"}],"author":[{"embeddable":true,"href":"https:\/\/www.wapalapam.de\/en\/wp-json\/wp\/v2\/users\/1"}],"replies":[{"embeddable":true,"href":"https:\/\/www.wapalapam.de\/en\/wp-json\/wp\/v2\/comments?post=25"}],"version-history":[{"count":42,"href":"https:\/\/www.wapalapam.de\/en\/wp-json\/wp\/v2\/pages\/25\/revisions"}],"predecessor-version":[{"id":484,"href":"https:\/\/www.wapalapam.de\/en\/wp-json\/wp\/v2\/pages\/25\/revisions\/484"}],"wp:attachment":[{"href":"https:\/\/www.wapalapam.de\/en\/wp-json\/wp\/v2\/media?parent=25"}],"curies":[{"name":"wp","href":"https:\/\/api.w.org\/{rel}","templated":true}]}}