{"id":250,"date":"2026-04-06T04:47:50","date_gmt":"2026-04-06T02:47:50","guid":{"rendered":"https:\/\/wapalapam.de\/?page_id=250"},"modified":"2026-05-06T14:19:59","modified_gmt":"2026-05-06T12:19:59","slug":"reservieren","status":"publish","type":"page","link":"https:\/\/www.wapalapam.de\/en\/reservieren\/","title":{"rendered":"RESERVATION"},"content":{"rendered":"<div class=\"wpb-content-wrapper\"><div class=\"vc_row wpb_row vc_row-fluid page-id-250 wap-reservation-shell\"><div class=\"wpb_column vc_column_container vc_col-sm-12\"><div class=\"vc_column-inner\"><div class=\"wpb_wrapper\">\n\t<div class=\"wpb_text_column wpb_content_element\" >\n\t\t<div class=\"wpb_wrapper\">\n\t\t\t<div class=\"wap-reservation-page\">\n<section class=\"wap-reservation-hero\">\n<div class=\"wap-reservation-hero__copy\">\n<div class=\"wap-reservation-kicker\">Wapalapam \u00b7 Reservierung<\/div>\n<h1>Reservierungen k\u00f6nnt ihr direkt online anfragen.<\/h1>\n<p>Reservierungen f\u00fcr das Wapalapam werden aktuell exklusiv f\u00fcr den Innenbereich angenommen. Nutzt daf\u00fcr einfach die Online-Reservierung auf dieser Seite.<\/p>\n<p>W\u00e4hlt euren Wunschtermin bequem online und sendet eure Reservierung direkt an uns.<\/p>\n<div class=\"wap-reservation-actions\"><a class=\"wap-reservation-button wap-reservation-button-primary\" href=\"#reservierungsformular\">Gruppen bis 8 Personen \u2193<\/a><br \/>\n<a class=\"wap-reservation-button wap-reservation-button-ghost\" href=\"#gruppenanfrage\">Gruppen ab 9 Personen \u2192<\/a><\/div>\n<\/div>\n<\/section>\n<section class=\"wap-reservation-facts\">\n<article class=\"wap-reservation-fact\">\n<div class=\"wap-reservation-eyebrow\">Reservierung<\/div>\n<div class=\"wap-reservation-fact__text\">Direkt online \u00fcber das Reservierungsformular<\/div>\n<\/article>\n<article class=\"wap-reservation-fact\">\n<div class=\"wap-reservation-eyebrow\">Vorlauf<\/div>\n<div class=\"wap-reservation-fact__text\">Online max. 14 Tage im Voraus<\/div>\n<\/article>\n<article class=\"wap-reservation-fact\">\n<div class=\"wap-reservation-eyebrow\">Gro\u00dfe Gruppen<\/div>\n<div class=\"wap-reservation-fact__text wap-reservation-fact__accent\">Ab 9 Personen bitte eine individuelle Anfrage stellen<\/div>\n<\/article>\n<article class=\"wap-reservation-fact\">\n<div class=\"wap-reservation-eyebrow\">Personenzahl<\/div>\n<div class=\"wap-reservation-fact__text\">Online-Reservierungen f\u00fcr 2 bis 8 Personen<\/div>\n<\/article>\n<\/section>\n<section class=\"wap-reservation-note\">\n<div class=\"wap-reservation-note__card\">\n<div class=\"wap-reservation-eyebrow\">Gut zu wissen<\/div>\n<div class=\"wap-reservation-note__text\">\u00b7 Die Tische werden bei bis zu 8 Personen automatisch zugeordnet.<br \/>\n\u00b7 Reservierungen gelten nur f\u00fcr den Innenbereich. Je nach Verf\u00fcgbarkeit vor Ort ist es jedoch m\u00f6glich, auf der<br \/>\nHafenterrasse zu sitzen.<\/div>\n<\/div>\n<\/section>\n<section class=\"wap-reservation-note wap-reservation-note--groups\">\n<div class=\"wap-reservation-note__card wap-reservation-note__card--groups\">\n<div class=\"wap-reservation-eyebrow\">Gruppenanfrage<\/div>\n<div class=\"wap-reservation-note__text\">F\u00fcr Reservierungen mit <span class=\"wap-reservation-note__accent\">mehr als 8 Personen<\/span> nutzt bitte nicht die direkte Online-Reservierung. Sendet uns stattdessen eine individuelle Anfrage \u00fcber das manuelle Formular.<\/div>\n<div class=\"wap-reservation-note__actions\"><a class=\"wap-reservation-button wap-reservation-button-ghost\" href=\"#gruppenanfrage\">Zur Gruppenanfrage \u2192<\/a><\/div>\n<\/div>\n<\/section>\n<section class=\"wap-reservation-qr\">\n<div class=\"wap-reservation-qr__card\">\n<div class=\"wap-reservation-qr__copy\">\n<div class=\"wap-reservation-eyebrow\">Reservierung aufs Handy<\/div>\n<h2>QR-Code scannen und die Online-Reservierung direkt auf dem Smartphone \u00f6ffnen.<\/h2>\n<p>Ideal, wenn ihr die Reservierung f\u00fcr Gruppen bis zu 8 Personen schnell auf dem Handy fortsetzen oder direkt weitergeben m\u00f6chtet.<\/p>\n<\/div>\n<div class=\"wap-reservation-qr__media\"><img decoding=\"async\" src=\"\/wp-content\/uploads\/2026\/05\/wap-reservierung-qr-gastronovi-ordering1.png\" alt=\"QR-Code zur Online-Reservierung\" \/><\/div>\n<\/div>\n<\/section>\n<section id=\"reservierungsformular\" class=\"wap-reservation-form\">\n<div class=\"wap-reservation-form__card\">\n<div class=\"wap-reservation-eyebrow wap-reservation-form__kicker\">Online-Reservierung<\/div>\n<h2>Reserviert euren Tisch direkt online.<\/h2>\n<p>W\u00e4hlt hier einfach euren Wunschtermin und sendet eure Reservierung direkt online an uns. Diese Online-Reservierung gilt f\u00fcr Gruppen bis zu 8 Personen und ist maximal 14 Tage im Voraus m\u00f6glich.<\/p>\n<div class=\"wap-payment-methods\">\n<div class=\"wap-payment-methods__label\">Zahlungsarten<\/div>\n<div class=\"wap-payment-methods__items\">\n<div class=\"wap-payment-method wap-payment-method--brand\" aria-label=\"PayPal\"><img decoding=\"async\" class=\"wap-payment-method__brand wap-payment-method__brand--paypal\" src=\"\/wp-content\/uploads\/2026\/04\/paypal-logo-100px.png\" alt=\"PayPal\" \/><\/div>\n<div class=\"wap-payment-method wap-payment-method--brand\" aria-label=\"Google Pay\"><img decoding=\"async\" class=\"wap-payment-method__brand wap-payment-method__brand--gpay\" src=\"\/wp-content\/uploads\/2026\/04\/google-pay-mark.png\" alt=\"Google Pay\" \/><\/div>\n<div class=\"wap-payment-method wap-payment-method--brand wap-payment-method--apple\" aria-label=\"Apple Pay\"><img decoding=\"async\" class=\"wap-payment-method__brand wap-payment-method__brand--applepay\" src=\"\/wp-content\/uploads\/2026\/04\/apple-pay-mark.svg\" alt=\"Apple Pay\" \/><\/div>\n<div class=\"wap-payment-method wap-payment-method--card\">\n<div class=\"wap-payment-method__icon wap-payment-method__icon--card\"><img decoding=\"async\" src=\"\/wp-content\/uploads\/2026\/04\/card-payment.svg\" alt=\"\" \/><\/div>\n<div>Kartenzahlung<\/div>\n<\/div>\n<\/div>\n<\/div>\n<div class=\"wap-reservation-mobile-link\"><a class=\"wap-reservation-button wap-reservation-button-primary\" href=\"https:\/\/services.gastronovi.com\/restaurants\/64028\/reservation\/widget\/entry\/reservation\" target=\"_blank\" rel=\"noopener\">Jetzt Online-Reservieren \u2192<\/a><\/div>\n<div class=\"wap-reservation-embed\"><script type=\"text\/javascript\" src=\"https:\/\/services.gastronovi.com\/restaurants\/64028\/scripts\/reservation\/entry\/reservation\" async><\/script><\/div>\n<\/div>\n<\/section>\n<section id=\"gruppenanfrage\" class=\"wap-reservation-form wap-reservation-form--manual\">\n<div class=\"wap-reservation-form__card wap-reservation-form__card--manual\">\n<div class=\"wap-reservation-eyebrow wap-reservation-form__kicker\">Individuelle Gruppenanfrage<\/div>\n<h2>Eure Reservierungsanfrage f\u00fcr Gruppen ab 9 Personen pr\u00fcfen wir individuell.<\/h2>\n<p>Bei gr\u00f6\u00dferen Gruppen stimmen wir Termin, Bereich und Ablauf h\u00e4ndisch mit euch ab. Nutzt daf\u00fcr bitte das folgende Anfrageformular. Wir melden uns anschlie\u00dfend pers\u00f6nlich bei euch zur\u00fcck.<\/p>\n\n<div class=\"wpcf7 no-js\" id=\"wpcf7-f301-o1\" lang=\"de-DE\" dir=\"ltr\" data-wpcf7-id=\"301\">\n<div class=\"screen-reader-response\"><p role=\"status\" aria-live=\"polite\" aria-atomic=\"true\"><\/p> <ul><\/ul><\/div>\n<form action=\"\/en\/wp-json\/wp\/v2\/pages\/250#wpcf7-f301-o1\" method=\"post\" class=\"wpcf7-form init\" aria-label=\"Kontaktformular\" novalidate=\"novalidate\" data-status=\"init\">\n<fieldset class=\"hidden-fields-container\"><input type=\"hidden\" name=\"_wpcf7\" value=\"301\" \/><input type=\"hidden\" name=\"_wpcf7_version\" value=\"6.1.5\" \/><input type=\"hidden\" name=\"_wpcf7_locale\" value=\"de_DE\" \/><input type=\"hidden\" name=\"_wpcf7_unit_tag\" value=\"wpcf7-f301-o1\" \/><input type=\"hidden\" name=\"_wpcf7_container_post\" value=\"0\" \/><input type=\"hidden\" name=\"_wpcf7_posted_data_hash\" value=\"\" \/>\n<\/fieldset>\n<p><label><span class=\"wap-field-label wap-field-label--required\">Vor- und Nachname<\/span><br \/>\n<span class=\"wpcf7-form-control-wrap\" data-name=\"your-name\"><input size=\"40\" maxlength=\"400\" class=\"wpcf7-form-control wpcf7-text wpcf7-validates-as-required\" autocomplete=\"name\" aria-required=\"true\" aria-invalid=\"false\" value=\"\" type=\"text\" name=\"your-name\" \/><\/span><br \/>\n<\/label>\n<\/p>\n<p><label><span class=\"wap-field-label wap-field-label--required\">E-Mail-Adresse<\/span><br \/>\n<span class=\"wpcf7-form-control-wrap\" data-name=\"your-email\"><input size=\"40\" maxlength=\"400\" class=\"wpcf7-form-control wpcf7-email wpcf7-validates-as-required wpcf7-text wpcf7-validates-as-email\" autocomplete=\"email\" aria-required=\"true\" aria-invalid=\"false\" value=\"\" type=\"email\" name=\"your-email\" \/><\/span><br \/>\n<\/label>\n<\/p>\n<p><label><span class=\"wap-field-label\">Telefonnummer (optional)<\/span><br \/>\n<span class=\"wpcf7-form-control-wrap\" data-name=\"your-phone\"><input size=\"40\" maxlength=\"400\" class=\"wpcf7-form-control wpcf7-tel wpcf7-text wpcf7-validates-as-tel\" autocomplete=\"tel\" aria-invalid=\"false\" value=\"\" type=\"tel\" name=\"your-phone\" \/><\/span><br \/>\n<\/label>\n<\/p>\n<p><label><span class=\"wap-field-label wap-field-label--required\">Wunschtag<\/span><br \/>\n<span class=\"wpcf7-form-control-wrap\" data-name=\"reservation-date\"><input class=\"wpcf7-form-control wpcf7-date wpcf7-validates-as-required wpcf7-validates-as-date\" aria-required=\"true\" aria-invalid=\"false\" value=\"\" type=\"date\" name=\"reservation-date\" \/><\/span><br \/>\n<\/label>\n<\/p>\n<p><label><span class=\"wap-field-label wap-field-label--required\">Wunschzeit<\/span><br \/>\n<span class=\"wpcf7-form-control-wrap\" data-name=\"reservation-time\"><select class=\"wpcf7-form-control wpcf7-select wpcf7-validates-as-required\" aria-required=\"true\" aria-invalid=\"false\" name=\"reservation-time\"><option value=\"\">Bitte Uhrzeit w\u00e4hlen<\/option><option value=\"13:00 Uhr\">13:00 Uhr<\/option><option value=\"13:15 Uhr\">13:15 Uhr<\/option><option value=\"13:30 Uhr\">13:30 Uhr<\/option><option value=\"13:45 Uhr\">13:45 Uhr<\/option><option value=\"14:00 Uhr\">14:00 Uhr<\/option><option value=\"14:15 Uhr\">14:15 Uhr<\/option><option value=\"14:30 Uhr\">14:30 Uhr<\/option><option value=\"14:45 Uhr\">14:45 Uhr<\/option><option value=\"15:00 Uhr\">15:00 Uhr<\/option><option value=\"15:15 Uhr\">15:15 Uhr<\/option><option value=\"15:30 Uhr\">15:30 Uhr<\/option><option value=\"15:45 Uhr\">15:45 Uhr<\/option><option value=\"16:00 Uhr\">16:00 Uhr<\/option><option value=\"16:15 Uhr\">16:15 Uhr<\/option><option value=\"16:30 Uhr\">16:30 Uhr<\/option><option value=\"16:45 Uhr\">16:45 Uhr<\/option><option value=\"17:00 Uhr\">17:00 Uhr<\/option><option value=\"17:15 Uhr\">17:15 Uhr<\/option><option value=\"17:30 Uhr\">17:30 Uhr<\/option><option value=\"17:45 Uhr\">17:45 Uhr<\/option><option value=\"18:00 Uhr\">18:00 Uhr<\/option><option value=\"18:15 Uhr\">18:15 Uhr<\/option><option value=\"18:30 Uhr\">18:30 Uhr<\/option><option value=\"18:45 Uhr\">18:45 Uhr<\/option><option value=\"19:00 Uhr\">19:00 Uhr<\/option><option value=\"19:15 Uhr\">19:15 Uhr<\/option><option value=\"19:30 Uhr\">19:30 Uhr<\/option><option value=\"19:45 Uhr\">19:45 Uhr<\/option><option value=\"20:00 Uhr\">20:00 Uhr<\/option><\/select><\/span><br \/>\n<\/label>\n<\/p>\n<p><label><span class=\"wap-field-label wap-field-label--required\">Personenzahl (ab 9 Personen)<\/span><br \/>\n<span class=\"wpcf7-form-control-wrap\" data-name=\"reservation-persons\"><input class=\"wpcf7-form-control wpcf7-number wpcf7-validates-as-required wpcf7-validates-as-number\" min=\"9\" max=\"200\" aria-required=\"true\" aria-invalid=\"false\" placeholder=\"z. B. 12\" value=\"\" type=\"number\" name=\"reservation-persons\" \/><\/span><br \/>\n<\/label>\n<\/p>\n<p><label><span class=\"wap-field-label\">Nachricht oder W\u00fcnsche (optional)<\/span><br \/>\n<span class=\"wpcf7-form-control-wrap\" data-name=\"reservation-message\"><textarea cols=\"40\" rows=\"10\" maxlength=\"2000\" class=\"wpcf7-form-control wpcf7-textarea\" aria-invalid=\"false\" name=\"reservation-message\"><\/textarea><\/span><br \/>\n<\/label>\n<\/p>\n<div class=\"wpcf7-turnstile cf-turnstile\" data-sitekey=\"0x4AAAAAAC1erO1A9J5AcocB\" data-response-field-name=\"_wpcf7_turnstile_response\"><\/div>\n<p><input class=\"wpcf7-form-control wpcf7-submit has-spinner\" type=\"submit\" value=\"Reservierungsanfrage senden\" \/>\n<\/p><div class=\"wpcf7-response-output\" aria-hidden=\"true\"><\/div>\n<\/form>\n<\/div>\n<\/div>\n<\/section>\n<p><script>\n(function () {\n  function bindDigitsOnlyPersonField() {\n    var input = document.querySelector('#gruppenanfrage input[name=\"reservation-persons\"]');\n    if (!input || input.dataset.wapDigitsOnly === '1') {\n      return;\n    }<\/p>\n<p>    input.setAttribute('inputmode', 'numeric');\n    input.setAttribute('pattern', '[0-9]*');\n    input.setAttribute('autocomplete', 'off');<\/p>\n<p>    input.addEventListener('input', function () {\n      input.value = input.value.replace(\/[^0-9]+\/g, '');\n    });<\/p>\n<p>    input.dataset.wapDigitsOnly = '1';\n  }<\/p>\n<p>  if (document.readyState === 'loading') {\n    document.addEventListener('DOMContentLoaded', bindDigitsOnlyPersonField);\n  } else {\n    bindDigitsOnlyPersonField();\n  }<\/p>\n<p>  document.addEventListener('wpcf7init', bindDigitsOnlyPersonField, false);\n}());\n<\/script><\/p>\n<\/div>\n\n\t\t<\/div>\n\t<\/div>\n<\/div><\/div><\/div><\/div>\n<\/div>","protected":false},"excerpt":{"rendered":"Wapalapam \u00b7 Reservierung Reservierungen k\u00f6nnt ihr direkt online anfragen. Reservierungen f\u00fcr das Wapalapam werden aktuell exklusiv f\u00fcr den Innenbereich angenommen. [...]","protected":false},"author":1,"featured_media":0,"parent":0,"menu_order":0,"comment_status":"closed","ping_status":"closed","template":"","meta":{"site-sidebar-layout":"no-sidebar","site-content-layout":"plain-container","ast-site-content-layout":"default","site-content-style":"default","site-sidebar-style":"default","ast-global-header-display":"","ast-banner-title-visibility":"","ast-main-header-display":"","ast-hfb-above-header-display":"","ast-hfb-below-header-display":"","ast-hfb-mobile-header-display":"","site-post-title":"disabled","ast-breadcrumbs-content":"","ast-featured-img":"disabled","footer-sml-layout":"","ast-disable-related-posts":"","theme-transparent-header-meta":"enabled","adv-header-id-meta":"","stick-header-meta":"","header-above-stick-meta":"","header-main-stick-meta":"","header-below-stick-meta":"","astra-migrate-meta-layouts":"set","ast-page-background-enabled":"default","ast-page-background-meta":{"desktop":{"background-color":"var(--ast-global-color-5)","background-image":"","background-repeat":"repeat","background-position":"center center","background-size":"auto","background-attachment":"scroll","background-type":"","background-media":"","overlay-type":"","overlay-color":"","overlay-opacity":"","overlay-gradient":""},"tablet":{"background-color":"","background-image":"","background-repeat":"repeat","background-position":"center center","background-size":"auto","background-attachment":"scroll","background-type":"","background-media":"","overlay-type":"","overlay-color":"","overlay-opacity":"","overlay-gradient":""},"mobile":{"background-color":"","background-image":"","background-repeat":"repeat","background-position":"center center","background-size":"auto","background-attachment":"scroll","background-type":"","background-media":"","overlay-type":"","overlay-color":"","overlay-opacity":"","overlay-gradient":""}},"ast-content-background-meta":{"desktop":{"background-color":"var(--ast-global-color-4)","background-image":"","background-repeat":"repeat","background-position":"center center","background-size":"auto","background-attachment":"scroll","background-type":"","background-media":"","overlay-type":"","overlay-color":"","overlay-opacity":"","overlay-gradient":""},"tablet":{"background-color":"var(--ast-global-color-4)","background-image":"","background-repeat":"repeat","background-position":"center center","background-size":"auto","background-attachment":"scroll","background-type":"","background-media":"","overlay-type":"","overlay-color":"","overlay-opacity":"","overlay-gradient":""},"mobile":{"background-color":"var(--ast-global-color-4)","background-image":"","background-repeat":"repeat","background-position":"center center","background-size":"auto","background-attachment":"scroll","background-type":"","background-media":"","overlay-type":"","overlay-color":"","overlay-opacity":"","overlay-gradient":""}},"footnotes":""},"class_list":["post-250","page","type-page","status-publish","hentry"],"_links":{"self":[{"href":"https:\/\/www.wapalapam.de\/en\/wp-json\/wp\/v2\/pages\/250","targetHints":{"allow":["GET"]}}],"collection":[{"href":"https:\/\/www.wapalapam.de\/en\/wp-json\/wp\/v2\/pages"}],"about":[{"href":"https:\/\/www.wapalapam.de\/en\/wp-json\/wp\/v2\/types\/page"}],"author":[{"embeddable":true,"href":"https:\/\/www.wapalapam.de\/en\/wp-json\/wp\/v2\/users\/1"}],"replies":[{"embeddable":true,"href":"https:\/\/www.wapalapam.de\/en\/wp-json\/wp\/v2\/comments?post=250"}],"version-history":[{"count":55,"href":"https:\/\/www.wapalapam.de\/en\/wp-json\/wp\/v2\/pages\/250\/revisions"}],"predecessor-version":[{"id":530,"href":"https:\/\/www.wapalapam.de\/en\/wp-json\/wp\/v2\/pages\/250\/revisions\/530"}],"wp:attachment":[{"href":"https:\/\/www.wapalapam.de\/en\/wp-json\/wp\/v2\/media?parent=250"}],"curies":[{"name":"wp","href":"https:\/\/api.w.org\/{rel}","templated":true}]}}