{"id":475,"date":"2026-04-28T16:10:14","date_gmt":"2026-04-28T14:10:14","guid":{"rendered":"https:\/\/www.wapalapam.de\/?page_id=475"},"modified":"2026-04-28T21:47:13","modified_gmt":"2026-04-28T19:47:13","slug":"anfahrt","status":"publish","type":"page","link":"https:\/\/www.wapalapam.de\/en\/anfahrt\/","title":{"rendered":"LOCATION"},"content":{"rendered":"<div class=\"wpb-content-wrapper\"><div class=\"vc_row wpb_row vc_row-fluid wap-route-shell\"><div class=\"wpb_column vc_column_container vc_col-sm-12\"><div class=\"vc_column-inner\"><div class=\"wpb_wrapper\">\n\t<div class=\"wpb_text_column wpb_content_element\" >\n\t\t<div class=\"wpb_wrapper\">\n\t\t\t<div class=\"wap-route-page\">\n<section class=\"wap-route-hero\">\n<div class=\"wap-route-hero__card\">\n<div class=\"wap-route-kicker\">Wapalapam \u00b7 LOCATION<\/div>\n<h1>How to find us.<\/h1>\n<p>Wapalapam is located at Bar d\u00fc Mar, right by the swimming bay in H\u00fcde at Lake D\u00fcmmer. Here you will find the quickest ways to reach us, parking options, and information on arriving by public transport.<\/p>\n<div class=\"wap-route-actions\"><a class=\"wap-route-button wap-route-button-primary\" href=\"https:\/\/www.google.com\/maps\/dir\/\/bar+d%C3%BC+mar+zum+fischerhafen+h%C3%BCde\/data=!4m6!4m5!1m1!4e2!1m2!1m1!1s0x47b75381457b576d:0xd673e173a0d7e205?sa=X&amp;ved=2ahUKEwjRrqOP6ub4AhUItKQKHdzSCegQ9Rd6BAhWEAU\" target=\"_blank\" rel=\"noopener\">View on Google Maps<\/a><br \/>\n<a class=\"wap-route-button wap-route-button-ghost\" href=\"#route-parken\">See parking<\/a><\/div>\n<\/div>\n<\/section>\n<section class=\"wap-route-facts\">\n<article class=\"wap-route-fact\">\n<div class=\"wap-route-eyebrow\">Destination<\/div>\n<div class=\"wap-route-fact__text\">Wapalapam in der Bar d\u00fc Mar, Badebucht in H\u00fcde am D\u00fcmmer See<\/div>\n<\/article>\n<article class=\"wap-route-fact\">\n<div class=\"wap-route-eyebrow\">Parking<\/div>\n<div class=\"wap-route-fact__text\">Several parking lots in the immediate vicinity of the swimming bay.<\/div>\n<\/article>\n<article class=\"wap-route-fact\">\n<div class=\"wap-route-eyebrow\">Within walking distance<\/div>\n<div class=\"wap-route-fact__text\">Approx. 4 minutes walk from Klostermann parking lot.<\/div>\n<\/article>\n<article class=\"wap-route-fact\">\n<div class=\"wap-route-eyebrow\">Navigation<\/div>\n<div class=\"wap-route-fact__text wap-route-fact__text--accent\">Google Maps will take you directly to our location.<\/div>\n<\/article>\n<\/section>\n<section class=\"wap-route-intro\">\n<div class=\"wap-route-intro__copy\">\n<div class=\"wap-route-kicker\">Where is Wapalapam located?<\/div>\n<h2>Bar d\u00fc Mar and Wapalapam are situated right on the shores of the swimming bay in H\u00fcde.<\/h2>\n<p>Spanning 12.4 km\u00b2, Lake D\u00fcmmer is located in the district of Diepholz near Osnabr\u00fcck. You will find Wapalapam inside 'Bar d\u00fc Mar,' situated directly at the H\u00fcde swimming bay. The restaurant is easily accessible from the village via a short walk or a scenic bike ride.<\/p>\n<\/div>\n<div class=\"wap-route-intro__map\"><img decoding=\"async\" src=\"\/wp-content\/uploads\/2022\/11\/Bar_due_Mar_Map_3.webp\" alt=\"Karte zum Wapalapam in der Bar d\u00fc Mar am D\u00fcmmer See\" \/><\/div>\n<\/section>\n<section class=\"wap-route-drive\">\n<div class=\"wap-route-section-head\">\n<div class=\"wap-route-kicker\">Arriving by Car<\/div>\n<h2>Directions and Parking around Wapalapam<\/h2>\n<\/div>\n<div class=\"wap-route-grid\">\n<article class=\"wap-route-card\">\n<div class=\"wap-route-card__tag\">Route 1<\/div>\n<h3>From M\u00fcnster \/ D\u00fcsseldorf \/ K\u00f6ln<\/h3>\n<ol>\n<li>Take the A1 highway towards Vechta \/ Bremen.<\/li>\n<li>Take exit 68-Bramsche.<\/li>\n<li>Turn right onto the B214 toward Steinfeld \/ Diepholz.<\/li>\n<li>Shortly before Diepholz, turn left onto the B51 in the direction of Lembruch \/ Lemf\u00f6rde<\/li>\n<li>Once you arrive in H\u00fcde, turn right into Niedersachsenstra\u00dfe just before the Shell gas station.<\/li>\n<li>The Klostermann parking lot, for example, is located there.<\/li>\n<\/ol>\n<\/article>\n<article class=\"wap-route-card\">\n<div class=\"wap-route-card__tag\">Route 2<\/div>\n<h3>From Bremen \/ Hamburg<\/h3>\n<ol>\n<li>Take the A1 highway towards M\u00fcnster \/ K\u00f6ln.<\/li>\n<li>Take exit 66 Holdorf<\/li>\n<li>Turn right onto the B218 torward Bad Essen<\/li>\n<li>Am Kreisverkehr nehmt ihr die 3. Ausfahrt Richtung Lemf\u00f6rde auf die B51.<\/li>\n<li>Once you arrive in H\u00fcde, turn right into Niedersachsenstra\u00dfe just before the Shell gas station.<\/li>\n<li>The Klostermann parking lot, for example, is located there.<\/li>\n<\/ol>\n<\/article>\n<article class=\"wap-route-card\">\n<div class=\"wap-route-card__tag\">Route 3<\/div>\n<h3>Aus Hannover \/ Berlin<\/h3>\n<ol>\n<li>Fahrt auf die A2 in Richtung Bielefeld.<\/li>\n<li>Nehmt die Abfahrt 32 Bad Oeynhausen Richtung Osnabr\u00fcck.<\/li>\n<li>Nehmt die Abfahrt 19 Kreuz Osnabr\u00fcck S\u00fcd auf die A33 Richtung Belm.<\/li>\n<li>Am Kreisverkehr nehmt ihr die 2. Ausfahrt Richtung Lemf\u00f6rde auf die B51.<\/li>\n<li>Once you arrive in H\u00fcde, turn right into Niedersachsenstra\u00dfe just before the Shell gas station.<\/li>\n<li>The Klostermann parking lot, for example, is located there.<\/li>\n<\/ol>\n<\/article>\n<article class=\"wap-route-card\">\n<div class=\"wap-route-card__tag\">Route 4<\/div>\n<h3>Ab Parkplatz Klostermann<\/h3>\n<ol>\n<li>Geht bei der Eis Manufaktur H\u00fcde rechts auf die Ludwig-Gefe-Stra\u00dfe.<\/li>\n<li>Biegt dann sofort links in die Stra\u00dfe Zum Fischerhafen ein.<\/li>\n<li>Jetzt lauft ihr direkt auf den D\u00fcmmer See zu.<\/li>\n<li>Am See angekommen geht es rechts am Wasser entlang.<\/li>\n<li>Nach rund 300 Metern erreicht ihr die Bar d\u00fc Mar und damit auch das Wapalapam.<\/li>\n<\/ol>\n<\/article>\n<\/div>\n<\/section>\n<section id=\"route-parken\" class=\"wap-route-parking\">\n<div class=\"wap-route-section-head\">\n<div class=\"wap-route-kicker\">Parken am D\u00fcmmer See<\/div>\n<h2>Diese Parkpl\u00e4tze liegen in der N\u00e4he<\/h2>\n<\/div>\n<div class=\"wap-route-parking-grid\">\n<article class=\"wap-route-parking-card\">\n<div class=\"wap-route-card__tag\">Parkplatz<\/div>\n<h3>Schaffh\u00e4user Feld<\/h3>\n<p>Von-Sanden-Stra\u00dfe<br \/>\n49448 H\u00fcde<\/p>\n<p><a class=\"wap-route-link\" href=\"https:\/\/www.google.com\/maps\/search\/?api=1&amp;query=Von-Sanden-Stra%C3%9Fe%2C+49448+H%C3%BCde\" target=\"_blank\" rel=\"noopener\">View on Google Maps<\/a><\/p>\n<\/article>\n<article class=\"wap-route-parking-card\">\n<div class=\"wap-route-card__tag\">Parkplatz<\/div>\n<h3>Surfeinsatzstelle<\/h3>\n<p>Rohrdrommelweg 35<br \/>\n49448 H\u00fcde<\/p>\n<p><a class=\"wap-route-link\" href=\"https:\/\/www.google.com\/maps\/search\/?api=1&amp;query=Rohrdrommelweg+35%2C+49448+H%C3%BCde\" target=\"_blank\" rel=\"noopener\">View on Google Maps<\/a><\/p>\n<\/article>\n<article class=\"wap-route-parking-card\">\n<div class=\"wap-route-card__tag\">Parkplatz<\/div>\n<h3>Zum Fischerhafen<\/h3>\n<p>Zum Fischerhafen 15<br \/>\n49448 H\u00fcde<\/p>\n<p><a class=\"wap-route-link\" href=\"https:\/\/www.google.com\/maps\/search\/?api=1&amp;query=Zum+Fischerhafen+15%2C+49448+H%C3%BCde\" target=\"_blank\" rel=\"noopener\">View on Google Maps<\/a><\/p>\n<\/article>\n<article class=\"wap-route-parking-card\">\n<div class=\"wap-route-card__tag\">Parkplatz<\/div>\n<h3>Klostermann<\/h3>\n<p>Niedersachsenstr. 7<br \/>\n49448 H\u00fcde<\/p>\n<p><a class=\"wap-route-link\" href=\"https:\/\/www.google.com\/maps\/search\/?api=1&amp;query=Niedersachsenstra%C3%9Fe+7%2C+49448+H%C3%BCde\" target=\"_blank\" rel=\"noopener\">View on Google Maps<\/a><\/p>\n<\/article>\n<\/div>\n<\/section>\n<section class=\"wap-route-public\">\n<div class=\"wap-route-public__copy\">\n<div class=\"wap-route-kicker\">Mit den \u00d6ffis<\/div>\n<h2>Vom Bahnhof zum Wapalapam<\/h2>\n<ol>\n<li>Am Bahnhof Diepholz angekommen, verlasst ihr zuerst das Bahnhofsgeb\u00e4ude.<\/li>\n<li>Wenige Meter vor euch befindet sich der Busbahnhof Diepholz. Hier nutzt ihr die Buslinie 129, die Diepholz mit H\u00fcde und Lemf\u00f6rde verbindet. Die genaue Verbindung pr\u00fcft ihr am besten kurz vorher im aktuellen Fahrplan.<\/li>\n<li>Steigt an der Haltestelle H\u00fcde (b Diepholz) Offerhaus aus.<\/li>\n<li>Von hier aus ist es nur noch etwa eine Viertelstunde zu Fu\u00df bis zum D\u00fcmmer See.<\/li>\n<li>Geht die Osnabr\u00fccker Stra\u00dfe in Richtung Tankstelle entlang.<\/li>\n<li>Vor der Shell Tankstelle biegt ihr rechts in die Niedersachsenstra\u00dfe ein.<\/li>\n<li>Folgt der Niedersachsenstra\u00dfe bis zur Eis Manufaktur H\u00fcde und biegt dann rechts Richtung Ludwig-Gefe-Stra\u00dfe ab.<\/li>\n<li>Direkt danach geht es links in die Stra\u00dfe Zum Fischerhafen.<\/li>\n<li>Jetzt lauft ihr direkt auf den D\u00fcmmer See zu und erreicht entlang des Fu\u00dfwegs nach rund 300 Metern die Bar d\u00fc Mar mit dem Wapalapam.<\/li>\n<\/ol>\n<\/div>\n<div class=\"wap-route-public__panel\">\n<div class=\"wap-route-panel-item\">Destination<strong>Wapalapam in der Bar d\u00fc Mar, Badebucht in H\u00fcde am D\u00fcmmer See<\/strong><\/div>\n<div class=\"wap-route-panel-item\">Parking<strong>Several parking lots in the immediate vicinity of the swimming bay.<\/strong><\/div>\n<div class=\"wap-route-panel-item\">Within walking distance<strong>Ab Parkplatz Klostermann rund 300 Meter bis zum Restaurant<\/strong><\/div>\n<div class=\"wap-route-panel-item\">Navigation<strong><a href=\"https:\/\/www.google.com\/maps\/dir\/\/bar+d%C3%BC+mar+zum+fischerhafen+h%C3%BCde\/data=!4m6!4m5!1m1!4e2!1m2!1m1!1s0x47b75381457b576d:0xd673e173a0d7e205?sa=X&amp;ved=2ahUKEwjRrqOP6ub4AhUItKQKHdzSCegQ9Rd6BAhWEAU\" target=\"_blank\" rel=\"noopener\">Route in Google Maps \u00f6ffnen<\/a><\/strong><\/div>\n<\/div>\n<\/section>\n<\/div>\n\n\t\t<\/div>\n\t<\/div>\n<\/div><\/div><\/div><\/div>\n<\/div>","protected":false},"excerpt":{"rendered":"Wapalapam \u00b7 Anfahrt So findet ihr zu uns. Das Wapalapam befindet sich in der Bar d\u00fc Mar direkt an der [...]","protected":false},"author":2,"featured_media":0,"parent":0,"menu_order":0,"comment_status":"closed","ping_status":"closed","template":"","meta":{"site-sidebar-layout":"no-sidebar","site-content-layout":"plain-container","ast-site-content-layout":"default","site-content-style":"default","site-sidebar-style":"default","ast-global-header-display":"","ast-banner-title-visibility":"","ast-main-header-display":"","ast-hfb-above-header-display":"","ast-hfb-below-header-display":"","ast-hfb-mobile-header-display":"","site-post-title":"disabled","ast-breadcrumbs-content":"","ast-featured-img":"disabled","footer-sml-layout":"","ast-disable-related-posts":"","theme-transparent-header-meta":"enabled","adv-header-id-meta":"","stick-header-meta":"","header-above-stick-meta":"","header-main-stick-meta":"","header-below-stick-meta":"","astra-migrate-meta-layouts":"set","ast-page-background-enabled":"default","ast-page-background-meta":{"desktop":{"background-color":"var(--ast-global-color-5)","background-image":"","background-repeat":"repeat","background-position":"center center","background-size":"auto","background-attachment":"scroll","background-type":"","background-media":"","overlay-type":"","overlay-color":"","overlay-opacity":"","overlay-gradient":""},"tablet":{"background-color":"","background-image":"","background-repeat":"repeat","background-position":"center center","background-size":"auto","background-attachment":"scroll","background-type":"","background-media":"","overlay-type":"","overlay-color":"","overlay-opacity":"","overlay-gradient":""},"mobile":{"background-color":"","background-image":"","background-repeat":"repeat","background-position":"center center","background-size":"auto","background-attachment":"scroll","background-type":"","background-media":"","overlay-type":"","overlay-color":"","overlay-opacity":"","overlay-gradient":""}},"ast-content-background-meta":{"desktop":{"background-color":"var(--ast-global-color-4)","background-image":"","background-repeat":"repeat","background-position":"center center","background-size":"auto","background-attachment":"scroll","background-type":"","background-media":"","overlay-type":"","overlay-color":"","overlay-opacity":"","overlay-gradient":""},"tablet":{"background-color":"var(--ast-global-color-4)","background-image":"","background-repeat":"repeat","background-position":"center center","background-size":"auto","background-attachment":"scroll","background-type":"","background-media":"","overlay-type":"","overlay-color":"","overlay-opacity":"","overlay-gradient":""},"mobile":{"background-color":"var(--ast-global-color-4)","background-image":"","background-repeat":"repeat","background-position":"center center","background-size":"auto","background-attachment":"scroll","background-type":"","background-media":"","overlay-type":"","overlay-color":"","overlay-opacity":"","overlay-gradient":""}},"footnotes":""},"class_list":["post-475","page","type-page","status-publish","hentry"],"_links":{"self":[{"href":"https:\/\/www.wapalapam.de\/en\/wp-json\/wp\/v2\/pages\/475","targetHints":{"allow":["GET"]}}],"collection":[{"href":"https:\/\/www.wapalapam.de\/en\/wp-json\/wp\/v2\/pages"}],"about":[{"href":"https:\/\/www.wapalapam.de\/en\/wp-json\/wp\/v2\/types\/page"}],"author":[{"embeddable":true,"href":"https:\/\/www.wapalapam.de\/en\/wp-json\/wp\/v2\/users\/2"}],"replies":[{"embeddable":true,"href":"https:\/\/www.wapalapam.de\/en\/wp-json\/wp\/v2\/comments?post=475"}],"version-history":[{"count":4,"href":"https:\/\/www.wapalapam.de\/en\/wp-json\/wp\/v2\/pages\/475\/revisions"}],"predecessor-version":[{"id":486,"href":"https:\/\/www.wapalapam.de\/en\/wp-json\/wp\/v2\/pages\/475\/revisions\/486"}],"wp:attachment":[{"href":"https:\/\/www.wapalapam.de\/en\/wp-json\/wp\/v2\/media?parent=475"}],"curies":[{"name":"wp","href":"https:\/\/api.w.org\/{rel}","templated":true}]}}