{"id":94,"date":"2026-04-05T18:36:49","date_gmt":"2026-04-05T16:36:49","guid":{"rendered":"https:\/\/wapalapam.de\/?page_id=94"},"modified":"2026-04-06T04:03:38","modified_gmt":"2026-04-06T02:03:38","slug":"impressum","status":"publish","type":"page","link":"https:\/\/www.wapalapam.de\/en\/impressum\/","title":{"rendered":"Impressum"},"content":{"rendered":"<div class=\"wpb-content-wrapper\"><div class=\"vc_row wpb_row vc_row-fluid page-id-94 wap-legal-shell\"><div class=\"wpb_column vc_column_container vc_col-sm-12\"><div class=\"vc_column-inner\"><div class=\"wpb_wrapper\">\n\t<div class=\"wpb_text_column wpb_content_element\" >\n\t\t<div class=\"wpb_wrapper\">\n\t\t\t<div class=\"wap-legal-page wap-impressum-page\">\n<section class=\"wap-legal-hero\">\n<div class=\"wap-legal-hero__copy\">\n    <span class=\"wap-legal-kicker\">Strandritter GmbH \u00b7 Wapalapam<\/span><\/p>\n<h1>Impressum<\/h1>\n<p>Angaben gem\u00e4\u00df den gesetzlichen Informationspflichten der Strandritter GmbH f\u00fcr die Website von Wapalapam.<\/p>\n<\/div>\n<\/section>\n<section class=\"wap-legal-grid\">\n<div class=\"wap-legal-main\">\n<div class=\"wap-legal-card\" id=\"imp-angaben\">\n      <span class=\"wap-legal-card__kicker\">Teil 1<\/span><\/p>\n<h2>Anbieter<\/h2>\n<p><strong>Strandritter GmbH<\/strong><br \/>\n      Rittergut Falkenhardt 1<br \/>\n      49356 Diepholz<\/p>\n<p>Gesch\u00e4ftsf\u00fchrerin: Catherina Stybalkowski<\/p>\n<\/div>\n<div class=\"wap-legal-card\" id=\"imp-kontakt\">\n      <span class=\"wap-legal-card__kicker\">Teil 2<\/span><\/p>\n<h2>Kontakt<\/h2>\n<p>Telefon: <a href=\"tel:004954419756546\">+49 5441 9756546<\/a><br \/>\n      E-Mail: <a href=\"mailto:info@strandritter.de\">info@strandritter.de<\/a><\/p>\n<\/div>\n<div class=\"wap-legal-card\" id=\"imp-register\">\n      <span class=\"wap-legal-card__kicker\">Teil 3<\/span><\/p>\n<h2>Registereintrag<\/h2>\n<p>Handelsregister Walsrode HRB 205888<br \/>\n      USt-IdNr.: DE 305 267 298<\/p>\n<\/div>\n<\/div>\n<aside class=\"wap-legal-side\">\n<div class=\"wap-legal-side__item\">\n      <span>Firma<\/span><br \/>\n      <strong>Strandritter GmbH<\/strong>\n    <\/div>\n<div class=\"wap-legal-side__item\">\n      <span>Standort<\/span><br \/>\n      <strong>Rittergut Falkenhardt 1, 49356 Diepholz<\/strong>\n    <\/div>\n<div class=\"wap-legal-side__item\">\n      <span>E-Mail<\/span><br \/>\n      <strong><a href=\"mailto:info@strandritter.de\">info@strandritter.de<\/a><\/strong>\n    <\/div>\n<div class=\"wap-legal-side__item\">\n      <span>Register<\/span><br \/>\n      <strong>HRB 205888 \u00b7 USt-IdNr. DE 305 267 298<\/strong>\n    <\/div>\n<\/aside>\n<\/section>\n<\/div>\n\n\t\t<\/div>\n\t<\/div>\n<\/div><\/div><\/div><\/div>\n<\/div>","protected":false},"excerpt":{"rendered":"Strandritter GmbH \u00b7 Wapalapam Impressum Angaben gem\u00e4\u00df den gesetzlichen Informationspflichten der Strandritter GmbH f\u00fcr die Website von Wapalapam. Teil 1 [...]","protected":false},"author":1,"featured_media":0,"parent":0,"menu_order":0,"comment_status":"closed","ping_status":"closed","template":"","meta":{"site-sidebar-layout":"no-sidebar","site-content-layout":"plain-container","ast-site-content-layout":"default","site-content-style":"default","site-sidebar-style":"default","ast-global-header-display":"","ast-banner-title-visibility":"","ast-main-header-display":"","ast-hfb-above-header-display":"","ast-hfb-below-header-display":"","ast-hfb-mobile-header-display":"","site-post-title":"disabled","ast-breadcrumbs-content":"","ast-featured-img":"disabled","footer-sml-layout":"","ast-disable-related-posts":"","theme-transparent-header-meta":"enabled","adv-header-id-meta":"","stick-header-meta":"","header-above-stick-meta":"","header-main-stick-meta":"","header-below-stick-meta":"","astra-migrate-meta-layouts":"set","ast-page-background-enabled":"default","ast-page-background-meta":{"desktop":{"background-color":"var(--ast-global-color-5)","background-image":"","background-repeat":"repeat","background-position":"center center","background-size":"auto","background-attachment":"scroll","background-type":"","background-media":"","overlay-type":"","overlay-color":"","overlay-opacity":"","overlay-gradient":""},"tablet":{"background-color":"","background-image":"","background-repeat":"repeat","background-position":"center center","background-size":"auto","background-attachment":"scroll","background-type":"","background-media":"","overlay-type":"","overlay-color":"","overlay-opacity":"","overlay-gradient":""},"mobile":{"background-color":"","background-image":"","background-repeat":"repeat","background-position":"center center","background-size":"auto","background-attachment":"scroll","background-type":"","background-media":"","overlay-type":"","overlay-color":"","overlay-opacity":"","overlay-gradient":""}},"ast-content-background-meta":{"desktop":{"background-color":"var(--ast-global-color-4)","background-image":"","background-repeat":"repeat","background-position":"center center","background-size":"auto","background-attachment":"scroll","background-type":"","background-media":"","overlay-type":"","overlay-color":"","overlay-opacity":"","overlay-gradient":""},"tablet":{"background-color":"var(--ast-global-color-4)","background-image":"","background-repeat":"repeat","background-position":"center center","background-size":"auto","background-attachment":"scroll","background-type":"","background-media":"","overlay-type":"","overlay-color":"","overlay-opacity":"","overlay-gradient":""},"mobile":{"background-color":"var(--ast-global-color-4)","background-image":"","background-repeat":"repeat","background-position":"center center","background-size":"auto","background-attachment":"scroll","background-type":"","background-media":"","overlay-type":"","overlay-color":"","overlay-opacity":"","overlay-gradient":""}},"footnotes":""},"class_list":["post-94","page","type-page","status-publish","hentry"],"_links":{"self":[{"href":"https:\/\/www.wapalapam.de\/en\/wp-json\/wp\/v2\/pages\/94","targetHints":{"allow":["GET"]}}],"collection":[{"href":"https:\/\/www.wapalapam.de\/en\/wp-json\/wp\/v2\/pages"}],"about":[{"href":"https:\/\/www.wapalapam.de\/en\/wp-json\/wp\/v2\/types\/page"}],"author":[{"embeddable":true,"href":"https:\/\/www.wapalapam.de\/en\/wp-json\/wp\/v2\/users\/1"}],"replies":[{"embeddable":true,"href":"https:\/\/www.wapalapam.de\/en\/wp-json\/wp\/v2\/comments?post=94"}],"version-history":[{"count":1,"href":"https:\/\/www.wapalapam.de\/en\/wp-json\/wp\/v2\/pages\/94\/revisions"}],"predecessor-version":[{"id":95,"href":"https:\/\/www.wapalapam.de\/en\/wp-json\/wp\/v2\/pages\/94\/revisions\/95"}],"wp:attachment":[{"href":"https:\/\/www.wapalapam.de\/en\/wp-json\/wp\/v2\/media?parent=94"}],"curies":[{"name":"wp","href":"https:\/\/api.w.org\/{rel}","templated":true}]}}